{"id":1607,"date":"2022-09-15T13:45:46","date_gmt":"2022-09-15T13:45:46","guid":{"rendered":"https:\/\/tangen.cz\/?page_id=1607"},"modified":"2023-06-05T11:49:33","modified_gmt":"2023-06-05T11:49:33","slug":"obchody-a-cerpaci-stanice","status":"publish","type":"page","link":"https:\/\/tangen.cz\/en\/obchody-a-cerpaci-stanice\/","title":{"rendered":"Stores and gas stations"},"content":{"rendered":"<div data-elementor-type=\"wp-page\" data-elementor-id=\"1607\" class=\"elementor elementor-1607\" data-elementor-post-type=\"page\">\n\t\t\t\t<div class=\"elementor-element elementor-element-b59f956 e-flex e-con-boxed e-con e-parent\" data-id=\"b59f956\" data-element_type=\"container\" data-settings=\"{&quot;background_background&quot;:&quot;classic&quot;}\">\n\t\t\t\t\t<div class=\"e-con-inner\">\n\t\t<div class=\"elementor-element elementor-element-71dfe77 e-flex e-con-boxed e-con e-child\" data-id=\"71dfe77\" data-element_type=\"container\">\n\t\t\t\t\t<div class=\"e-con-inner\">\n\t\t\t\t<div class=\"elementor-element elementor-element-9821b6b elementor-widget elementor-widget-heading\" data-id=\"9821b6b\" data-element_type=\"widget\" data-widget_type=\"heading.default\">\n\t\t\t\t<div class=\"elementor-widget-container\">\n\t\t\t\t\t<h1 class=\"elementor-heading-title elementor-size-default\">Stores and gas stations<\/h1>\t\t\t\t<\/div>\n\t\t\t\t<\/div>\n\t\t\t\t<div class=\"elementor-element elementor-element-94cbd8f elementor-widget elementor-widget-text-editor\" data-id=\"94cbd8f\" data-element_type=\"widget\" data-widget_type=\"text-editor.default\">\n\t\t\t\t<div class=\"elementor-widget-container\">\n\t\t\t\t\t\t\t\t\tInvest in energy from reusable sources and provide the highest comfort for your customers. You will gradually increase your market competitiveness and rentability of your business. All while also helping the environment.\t\t\t\t\t\t\t\t<\/div>\n\t\t\t\t<\/div>\n\t\t\t\t\t<\/div>\n\t\t\t\t<\/div>\n\t\t\t\t\t<\/div>\n\t\t\t\t<\/div>\n\t\t<div class=\"elementor-element elementor-element-14ffbb6 e-flex e-con-boxed e-con e-parent\" data-id=\"14ffbb6\" data-element_type=\"container\">\n\t\t\t\t\t<div class=\"e-con-inner\">\n\t\t\t\t<div class=\"elementor-element elementor-element-9d90190 elementor-widget elementor-widget-heading\" data-id=\"9d90190\" data-element_type=\"widget\" data-widget_type=\"heading.default\">\n\t\t\t\t<div class=\"elementor-widget-container\">\n\t\t\t\t\t<h2 class=\"elementor-heading-title elementor-size-default\"><span class=\"text-gradient\">Higher comfort<\/span> for your customers<\/h2>\t\t\t\t<\/div>\n\t\t\t\t<\/div>\n\t\t\t\t\t<\/div>\n\t\t\t\t<\/div>\n\t\t<div class=\"elementor-element elementor-element-f8820bb e-flex e-con-boxed e-con e-parent\" data-id=\"f8820bb\" data-element_type=\"container\">\n\t\t\t\t\t<div class=\"e-con-inner\">\n\t\t<div class=\"elementor-element elementor-element-4177c73 e-flex e-con-boxed e-con e-child\" data-id=\"4177c73\" data-element_type=\"container\">\n\t\t\t\t\t<div class=\"e-con-inner\">\n\t\t<div class=\"elementor-element elementor-element-e95ed14 e-con-full e-flex e-con e-child\" data-id=\"e95ed14\" data-element_type=\"container\">\n\t\t<div class=\"elementor-element elementor-element-4eb0fd4 e-con-full e-flex e-con e-child\" data-id=\"4eb0fd4\" data-element_type=\"container\" data-settings=\"{&quot;background_background&quot;:&quot;classic&quot;}\">\n\t\t\t\t<div class=\"elementor-element elementor-element-ceb8ccf elementor-widget elementor-widget-heading\" data-id=\"ceb8ccf\" data-element_type=\"widget\" data-widget_type=\"heading.default\">\n\t\t\t\t<div class=\"elementor-widget-container\">\n\t\t\t\t\t<h4 class=\"elementor-heading-title elementor-size-default\"><span class=\"text-gradient\">Reduce electricity <\/span><br>costs<\/h4>\t\t\t\t<\/div>\n\t\t\t\t<\/div>\n\t\t\t\t<div class=\"elementor-element elementor-element-e665789 elementor-widget elementor-widget-text-editor\" data-id=\"e665789\" data-element_type=\"widget\" data-widget_type=\"text-editor.default\">\n\t\t\t\t<div class=\"elementor-widget-container\">\n\t\t\t\t\t\t\t\t\tUse the average 1 500 sunny hours per year to save 50-75 % of costs by optimizing the main power consumption during daytime hours.\t\t\t\t\t\t\t\t<\/div>\n\t\t\t\t<\/div>\n\t\t\t\t<\/div>\n\t\t\t\t<\/div>\n\t\t<div class=\"elementor-element elementor-element-a4ff524 e-con-full elementor-hidden-tablet elementor-hidden-mobile e-flex e-con e-child\" data-id=\"a4ff524\" data-element_type=\"container\">\n\t\t\t\t<\/div>\n\t\t\t\t\t<\/div>\n\t\t\t\t<\/div>\n\t\t\t\t\t<\/div>\n\t\t\t\t<\/div>\n\t\t<div class=\"elementor-element elementor-element-c576911 e-flex e-con-boxed e-con e-parent\" data-id=\"c576911\" data-element_type=\"container\">\n\t\t\t\t\t<div class=\"e-con-inner\">\n\t\t<div class=\"elementor-element elementor-element-4978b64 e-flex e-con-boxed e-con e-child\" data-id=\"4978b64\" data-element_type=\"container\">\n\t\t\t\t\t<div class=\"e-con-inner\">\n\t\t<div class=\"elementor-element elementor-element-07bbed6 e-con-full elementor-hidden-tablet elementor-hidden-mobile e-flex e-con e-child\" data-id=\"07bbed6\" data-element_type=\"container\">\n\t\t\t\t<\/div>\n\t\t<div class=\"elementor-element elementor-element-9c4f48c e-con-full e-flex e-con e-child\" data-id=\"9c4f48c\" data-element_type=\"container\">\n\t\t<div class=\"elementor-element elementor-element-e7eed72 e-con-full e-flex e-con e-child\" data-id=\"e7eed72\" data-element_type=\"container\" data-settings=\"{&quot;background_background&quot;:&quot;classic&quot;}\">\n\t\t\t\t<div class=\"elementor-element elementor-element-a9aaf09 elementor-widget elementor-widget-heading\" data-id=\"a9aaf09\" data-element_type=\"widget\" data-widget_type=\"heading.default\">\n\t\t\t\t<div class=\"elementor-widget-container\">\n\t\t\t\t\t<h4 class=\"elementor-heading-title elementor-size-default\"><span class=\"text-gradient\">Reach maximum<\/span><br> independence<\/h4>\t\t\t\t<\/div>\n\t\t\t\t<\/div>\n\t\t\t\t<div class=\"elementor-element elementor-element-551a2bb elementor-widget elementor-widget-text-editor\" data-id=\"551a2bb\" data-element_type=\"widget\" data-widget_type=\"text-editor.default\">\n\t\t\t\t<div class=\"elementor-widget-container\">\n\t\t\t\t\t\t\t\t\tSolar power can be used at any time, regardless of tariffs of commercial distributors, and can be accumulated for later use.\t\t\t\t\t\t\t\t<\/div>\n\t\t\t\t<\/div>\n\t\t\t\t<\/div>\n\t\t\t\t<\/div>\n\t\t\t\t\t<\/div>\n\t\t\t\t<\/div>\n\t\t\t\t\t<\/div>\n\t\t\t\t<\/div>\n\t\t<div class=\"elementor-element elementor-element-76c01ca e-flex e-con-boxed e-con e-parent\" data-id=\"76c01ca\" data-element_type=\"container\">\n\t\t\t\t\t<div class=\"e-con-inner\">\n\t\t<div class=\"elementor-element elementor-element-75fa3e3 e-flex e-con-boxed e-con e-child\" data-id=\"75fa3e3\" data-element_type=\"container\">\n\t\t\t\t\t<div class=\"e-con-inner\">\n\t\t<div class=\"elementor-element elementor-element-d171b69 e-con-full elementor-hidden-tablet elementor-hidden-mobile e-flex e-con e-child\" data-id=\"d171b69\" data-element_type=\"container\">\n\t\t\t\t<\/div>\n\t\t<div class=\"elementor-element elementor-element-3868ba4 e-con-full e-flex e-con e-child\" data-id=\"3868ba4\" data-element_type=\"container\">\n\t\t<div class=\"elementor-element elementor-element-aa08211 e-con-full e-flex e-con e-child\" data-id=\"aa08211\" data-element_type=\"container\" data-settings=\"{&quot;background_background&quot;:&quot;classic&quot;}\">\n\t\t\t\t<div class=\"elementor-element elementor-element-d4ca43e elementor-widget elementor-widget-heading\" data-id=\"d4ca43e\" data-element_type=\"widget\" data-widget_type=\"heading.default\">\n\t\t\t\t<div class=\"elementor-widget-container\">\n\t\t\t\t\t<h4 class=\"elementor-heading-title elementor-size-default\"><span class=\"text-gradient\">Build infrastructure<\/span><br> for electromobility<\/h4>\t\t\t\t<\/div>\n\t\t\t\t<\/div>\n\t\t\t\t<div class=\"elementor-element elementor-element-b50f78f elementor-widget elementor-widget-text-editor\" data-id=\"b50f78f\" data-element_type=\"widget\" data-widget_type=\"text-editor.default\">\n\t\t\t\t<div class=\"elementor-widget-container\">\n\t\t\t\t\t\t\t\t\tWe can build fast charging stations for electric vehicles, whose share on the roads is constantly growing. Electric vehicles in combination with solar panels will save both your company\u2019s and employees\u2018 money. On top of that, you can use the charging stations for commercial purposes, charging market prices.\t\t\t\t\t\t\t\t<\/div>\n\t\t\t\t<\/div>\n\t\t\t\t<\/div>\n\t\t\t\t<\/div>\n\t\t\t\t\t<\/div>\n\t\t\t\t<\/div>\n\t\t\t\t\t<\/div>\n\t\t\t\t<\/div>\n\t\t<div class=\"elementor-element elementor-element-9875169 e-flex e-con-boxed e-con e-parent\" data-id=\"9875169\" data-element_type=\"container\">\n\t\t\t\t\t<div class=\"e-con-inner\">\n\t\t<div class=\"elementor-element elementor-element-43df1e3 e-flex e-con-boxed e-con e-child\" data-id=\"43df1e3\" data-element_type=\"container\">\n\t\t\t\t\t<div class=\"e-con-inner\">\n\t\t<div class=\"elementor-element elementor-element-dd23253 e-con-full elementor-hidden-tablet elementor-hidden-mobile e-flex e-con e-child\" data-id=\"dd23253\" data-element_type=\"container\">\n\t\t\t\t<\/div>\n\t\t<div class=\"elementor-element elementor-element-90807da e-con-full e-flex e-con e-child\" data-id=\"90807da\" data-element_type=\"container\">\n\t\t<div class=\"elementor-element elementor-element-5843963 e-con-full e-flex e-con e-child\" data-id=\"5843963\" data-element_type=\"container\" data-settings=\"{&quot;background_background&quot;:&quot;classic&quot;}\">\n\t\t\t\t<div class=\"elementor-element elementor-element-9694af4 elementor-widget elementor-widget-heading\" data-id=\"9694af4\" data-element_type=\"widget\" data-widget_type=\"heading.default\">\n\t\t\t\t<div class=\"elementor-widget-container\">\n\t\t\t\t\t<h4 class=\"elementor-heading-title elementor-size-default\"><span class=\"text-gradient\">Think of the<\/span><br>environment<\/h4>\t\t\t\t<\/div>\n\t\t\t\t<\/div>\n\t\t\t\t<div class=\"elementor-element elementor-element-56e9e73 elementor-widget elementor-widget-text-editor\" data-id=\"56e9e73\" data-element_type=\"widget\" data-widget_type=\"text-editor.default\">\n\t\t\t\t<div class=\"elementor-widget-container\">\n\t\t\t\t\t\t\t\t\tReusable energy sources are the purest form of acquiring energy. Investing in them does not only decrease your carbon footprint, but also brings the perspective of a sustainable future.\t\t\t\t\t\t\t\t<\/div>\n\t\t\t\t<\/div>\n\t\t\t\t<\/div>\n\t\t\t\t<\/div>\n\t\t\t\t\t<\/div>\n\t\t\t\t<\/div>\n\t\t\t\t\t<\/div>\n\t\t\t\t<\/div>\n\t\t\t\t<section class=\"elementor-section elementor-top-section elementor-element elementor-element-2447b6e elementor-section-boxed elementor-section-height-default elementor-section-height-default elementor-invisible\" data-id=\"2447b6e\" data-element_type=\"section\" data-settings=\"{&quot;animation&quot;:&quot;fadeIn&quot;}\">\n\t\t\t\t\t\t<div class=\"elementor-container elementor-column-gap-no\">\n\t\t\t\t\t<div class=\"elementor-column elementor-col-100 elementor-top-column elementor-element elementor-element-ab3ce59\" data-id=\"ab3ce59\" data-element_type=\"column\">\n\t\t\t<div class=\"elementor-widget-wrap elementor-element-populated\">\n\t\t\t\t\t\t<section class=\"elementor-section elementor-inner-section elementor-element elementor-element-ee62ccc elementor-section-boxed elementor-section-height-default elementor-section-height-default\" data-id=\"ee62ccc\" data-element_type=\"section\">\n\t\t\t\t\t\t<div class=\"elementor-container elementor-column-gap-no\">\n\t\t\t\t\t<div class=\"elementor-column elementor-col-33 elementor-inner-column elementor-element elementor-element-769f157\" data-id=\"769f157\" data-element_type=\"column\" data-settings=\"{&quot;background_background&quot;:&quot;classic&quot;}\">\n\t\t\t<div class=\"elementor-widget-wrap elementor-element-populated\">\n\t\t\t\t\t\t<div class=\"elementor-element elementor-element-2421e85 elementor-view-default elementor-widget elementor-widget-icon\" data-id=\"2421e85\" data-element_type=\"widget\" data-widget_type=\"icon.default\">\n\t\t\t\t<div class=\"elementor-widget-container\">\n\t\t\t\t\t\t\t<div class=\"elementor-icon-wrapper\">\n\t\t\t<div class=\"elementor-icon\">\n\t\t\t<i aria-hidden=\"true\" class=\"fas fa-ruler\"><\/i>\t\t\t<\/div>\n\t\t<\/div>\n\t\t\t\t\t\t<\/div>\n\t\t\t\t<\/div>\n\t\t\t\t<div class=\"elementor-element elementor-element-e80cd7b elementor-widget elementor-widget-heading\" data-id=\"e80cd7b\" data-element_type=\"widget\" data-widget_type=\"heading.default\">\n\t\t\t\t<div class=\"elementor-widget-container\">\n\t\t\t\t\t<h4 class=\"elementor-heading-title elementor-size-default\">Tailored solution<\/h4>\t\t\t\t<\/div>\n\t\t\t\t<\/div>\n\t\t\t\t<div class=\"elementor-element elementor-element-e67e802 elementor-widget elementor-widget-text-editor\" data-id=\"e67e802\" data-element_type=\"widget\" data-widget_type=\"text-editor.default\">\n\t\t\t\t<div class=\"elementor-widget-container\">\n\t\t\t\t\t\t\t\t\t<p>All roofs are not the same. An initial analysis will be provided for you on site. Then we will evaluate\ninputs and options, prepare recommendations for specific implementation, and calculate efficiency,\nreturn and profit. This is so that everything works as it should.<\/p>\t\t\t\t\t\t\t\t<\/div>\n\t\t\t\t<\/div>\n\t\t\t\t\t<\/div>\n\t\t<\/div>\n\t\t\t\t<div class=\"elementor-column elementor-col-33 elementor-inner-column elementor-element elementor-element-d3b07ba\" data-id=\"d3b07ba\" data-element_type=\"column\" data-settings=\"{&quot;background_background&quot;:&quot;classic&quot;}\">\n\t\t\t<div class=\"elementor-widget-wrap elementor-element-populated\">\n\t\t\t\t\t\t<div class=\"elementor-element elementor-element-1b9c0b2 elementor-view-default elementor-widget elementor-widget-icon\" data-id=\"1b9c0b2\" data-element_type=\"widget\" data-widget_type=\"icon.default\">\n\t\t\t\t<div class=\"elementor-widget-container\">\n\t\t\t\t\t\t\t<div class=\"elementor-icon-wrapper\">\n\t\t\t<div class=\"elementor-icon\">\n\t\t\t<i aria-hidden=\"true\" class=\"fas fa-handshake\"><\/i>\t\t\t<\/div>\n\t\t<\/div>\n\t\t\t\t\t\t<\/div>\n\t\t\t\t<\/div>\n\t\t\t\t<div class=\"elementor-element elementor-element-b6efea9 elementor-widget elementor-widget-heading\" data-id=\"b6efea9\" data-element_type=\"widget\" data-widget_type=\"heading.default\">\n\t\t\t\t<div class=\"elementor-widget-container\">\n\t\t\t\t\t<h4 class=\"elementor-heading-title elementor-size-default\">Smooth process<\/h4>\t\t\t\t<\/div>\n\t\t\t\t<\/div>\n\t\t\t\t<div class=\"elementor-element elementor-element-27969c2 elementor-widget elementor-widget-text-editor\" data-id=\"27969c2\" data-element_type=\"widget\" data-widget_type=\"text-editor.default\">\n\t\t\t\t<div class=\"elementor-widget-container\">\n\t\t\t\t\t\t\t\t\tWith us, you don\u2019t need to worry about building a solar power plant. We will take care of all the\npermits needed, arrange subsidies, and communicate with your energy distributor to make the entire process go smoothly.\t\t\t\t\t\t\t\t<\/div>\n\t\t\t\t<\/div>\n\t\t\t\t\t<\/div>\n\t\t<\/div>\n\t\t\t\t<div class=\"elementor-column elementor-col-33 elementor-inner-column elementor-element elementor-element-39153cd\" data-id=\"39153cd\" data-element_type=\"column\" data-settings=\"{&quot;background_background&quot;:&quot;classic&quot;}\">\n\t\t\t<div class=\"elementor-widget-wrap elementor-element-populated\">\n\t\t\t\t\t\t<div class=\"elementor-element elementor-element-2bacc8b elementor-view-default elementor-widget elementor-widget-icon\" data-id=\"2bacc8b\" data-element_type=\"widget\" data-widget_type=\"icon.default\">\n\t\t\t\t<div class=\"elementor-widget-container\">\n\t\t\t\t\t\t\t<div class=\"elementor-icon-wrapper\">\n\t\t\t<div class=\"elementor-icon\">\n\t\t\t<i aria-hidden=\"true\" class=\"fas fa-star\"><\/i>\t\t\t<\/div>\n\t\t<\/div>\n\t\t\t\t\t\t<\/div>\n\t\t\t\t<\/div>\n\t\t\t\t<div class=\"elementor-element elementor-element-41cc973 elementor-widget elementor-widget-heading\" data-id=\"41cc973\" data-element_type=\"widget\" data-widget_type=\"heading.default\">\n\t\t\t\t<div class=\"elementor-widget-container\">\n\t\t\t\t\t<h4 class=\"elementor-heading-title elementor-size-default\">Premium support<\/h4>\t\t\t\t<\/div>\n\t\t\t\t<\/div>\n\t\t\t\t<div class=\"elementor-element elementor-element-415a933 elementor-widget elementor-widget-text-editor\" data-id=\"415a933\" data-element_type=\"widget\" data-widget_type=\"text-editor.default\">\n\t\t\t\t<div class=\"elementor-widget-container\">\n\t\t\t\t\t\t\t\t\tWe will continue to provide support and monitor proper functionality and performance. We will\nrespond to error reports immediately and provide service within a few days.\t\t\t\t\t\t\t\t<\/div>\n\t\t\t\t<\/div>\n\t\t\t\t\t<\/div>\n\t\t<\/div>\n\t\t\t\t\t<\/div>\n\t\t<\/section>\n\t\t\t\t\t<\/div>\n\t\t<\/div>\n\t\t\t\t\t<\/div>\n\t\t<\/section>\n\t\t<div class=\"elementor-element elementor-element-2041c7c e-flex e-con-boxed e-con e-parent\" data-id=\"2041c7c\" data-element_type=\"container\" data-settings=\"{&quot;background_background&quot;:&quot;classic&quot;}\">\n\t\t\t\t\t<div class=\"e-con-inner\">\n\t\t\t\t<div class=\"elementor-element elementor-element-256ceab elementor-widget elementor-widget-shortcode\" data-id=\"256ceab\" data-element_type=\"widget\" data-widget_type=\"shortcode.default\">\n\t\t\t\t<div class=\"elementor-widget-container\">\n\t\t\t\t\t\t\t<div class=\"elementor-shortcode\">\t\t<div data-elementor-type=\"section\" data-elementor-id=\"3031\" class=\"elementor elementor-3031\" data-elementor-post-type=\"elementor_library\">\n\t\t\t<div class=\"elementor-element elementor-element-23854c7 e-flex e-con-boxed e-con e-parent\" data-id=\"23854c7\" data-element_type=\"container\" data-settings=\"{&quot;background_background&quot;:&quot;classic&quot;}\">\n\t\t\t\t\t<div class=\"e-con-inner\">\n\t\t<div class=\"elementor-element elementor-element-ba46f01 e-con-full e-flex e-con e-child\" data-id=\"ba46f01\" data-element_type=\"container\" data-settings=\"{&quot;background_background&quot;:&quot;classic&quot;}\">\n\t\t\t\t<div class=\"elementor-element elementor-element-08ec152 elementor-widget elementor-widget-heading\" data-id=\"08ec152\" data-element_type=\"widget\" data-widget_type=\"heading.default\">\n\t\t\t\t<div class=\"elementor-widget-container\">\n\t\t\t\t\t<h4 class=\"elementor-heading-title elementor-size-default\">Tangen PowerBuy<\/h4>\t\t\t\t<\/div>\n\t\t\t\t<\/div>\n\t\t\t\t<div class=\"elementor-element elementor-element-43fce7e elementor-widget elementor-widget-heading\" data-id=\"43fce7e\" data-element_type=\"widget\" data-widget_type=\"heading.default\">\n\t\t\t\t<div class=\"elementor-widget-container\">\n\t\t\t\t\t<h2 class=\"elementor-heading-title elementor-size-default\"><span class=\"text-gradient\">Leave the<\/span><br>inconveniences to us<\/h2>\t\t\t\t<\/div>\n\t\t\t\t<\/div>\n\t\t\t\t<div class=\"elementor-element elementor-element-901d63b elementor-widget elementor-widget-text-editor\" data-id=\"901d63b\" data-element_type=\"widget\" data-widget_type=\"text-editor.default\">\n\t\t\t\t<div class=\"elementor-widget-container\">\n\t\t\t\t\t\t\t\t\t<p>We will buy the excess energy you produce with the Tangen power plant back from you. This way\nyou can generate profit with the power plant and shorten the return on investment.<\/p><p>You won't have to deal with surplus energy distribution or worry about selling it at the best prices on the market. We offer a straightforward solution for purchasing the energy you generate, whether you have a power plant installed by us or not. We will buy all the electricity you produce, including any unused surplus. The purchase can be arranged for a fixed period of time at a pre-agreed price or based on an hourly price, according to your preference. With us, you can always be certain that you will sell your electricity at a competitive price.<\/p>\t\t\t\t\t\t\t\t<\/div>\n\t\t\t\t<\/div>\n\t\t\t\t<\/div>\n\t\t<div class=\"elementor-element elementor-element-e6e791c e-con-full e-flex e-con e-child\" data-id=\"e6e791c\" data-element_type=\"container\" data-settings=\"{&quot;background_background&quot;:&quot;classic&quot;}\">\n\t\t\t\t<\/div>\n\t\t\t\t\t<\/div>\n\t\t\t\t<\/div>\n\t\t\t\t<\/div>\n\t\t<\/div>\n\t\t\t\t\t\t<\/div>\n\t\t\t\t<\/div>\n\t\t\t\t\t<\/div>\n\t\t\t\t<\/div>\n\t\t<div class=\"elementor-element elementor-element-afbdcc7 e-flex e-con-boxed e-con e-parent\" data-id=\"afbdcc7\" data-element_type=\"container\" data-settings=\"{&quot;background_background&quot;:&quot;classic&quot;}\">\n\t\t\t\t\t<div class=\"e-con-inner\">\n\t\t<div class=\"elementor-element elementor-element-e679580 e-con-full e-flex e-con e-child\" data-id=\"e679580\" data-element_type=\"container\" data-settings=\"{&quot;background_background&quot;:&quot;classic&quot;}\">\n\t\t\t\t<div class=\"elementor-element elementor-element-f9dadad elementor-widget elementor-widget-heading\" data-id=\"f9dadad\" data-element_type=\"widget\" data-widget_type=\"heading.default\">\n\t\t\t\t<div class=\"elementor-widget-container\">\n\t\t\t\t\t<h4 class=\"elementor-heading-title elementor-size-default\">Tangen VirtualStorage<\/h4>\t\t\t\t<\/div>\n\t\t\t\t<\/div>\n\t\t\t\t<div class=\"elementor-element elementor-element-139318c elementor-widget elementor-widget-heading\" data-id=\"139318c\" data-element_type=\"widget\" data-widget_type=\"heading.default\">\n\t\t\t\t<div class=\"elementor-widget-container\">\n\t\t\t\t\t<h2 class=\"elementor-heading-title elementor-size-default\"><span class=\"text-gradient\">Store the<\/span><br> produced energy <\/h2>\t\t\t\t<\/div>\n\t\t\t\t<\/div>\n\t\t\t\t<div class=\"elementor-element elementor-element-95606e2 elementor-widget elementor-widget-text-editor\" data-id=\"95606e2\" data-element_type=\"widget\" data-widget_type=\"text-editor.default\">\n\t\t\t\t<div class=\"elementor-widget-container\">\n\t\t\t\t\t\t\t\t\tUse the energy you produce with your own power plant even in adverse lighting conditions and\nwithout the necessary investment in batteries.\t\t\t\t\t\t\t\t<\/div>\n\t\t\t\t<\/div>\n\t\t\t\t<div class=\"elementor-element elementor-element-61fae15 elementor-widget elementor-widget-button\" data-id=\"61fae15\" data-element_type=\"widget\" data-widget_type=\"button.default\">\n\t\t\t\t<div class=\"elementor-widget-container\">\n\t\t\t\t\t\t\t\t\t<div class=\"elementor-button-wrapper\">\n\t\t\t\t\t<a class=\"elementor-button elementor-size-sm\" role=\"button\">\n\t\t\t\t\t\t<span class=\"elementor-button-content-wrapper\">\n\t\t\t\t\t\t\t\t\t<span class=\"elementor-button-text\">Soon<\/span>\n\t\t\t\t\t<\/span>\n\t\t\t\t\t<\/a>\n\t\t\t\t<\/div>\n\t\t\t\t\t\t\t\t<\/div>\n\t\t\t\t<\/div>\n\t\t\t\t<\/div>\n\t\t<div class=\"elementor-element elementor-element-b7a9411 e-con-full e-flex e-con e-child\" data-id=\"b7a9411\" data-element_type=\"container\">\n\t\t\t\t<div class=\"elementor-element elementor-element-2d294bf elementor-widget elementor-widget-image\" data-id=\"2d294bf\" data-element_type=\"widget\" data-widget_type=\"image.default\">\n\t\t\t\t<div class=\"elementor-widget-container\">\n\t\t\t\t\t\t\t\t\t\t\t\t\t\t\t<img fetchpriority=\"high\" decoding=\"async\" width=\"800\" height=\"531\" src=\"https:\/\/tangen.cz\/wp-content\/uploads\/2022\/09\/tangen_default8-1024x680.jpg\" class=\"attachment-large size-large wp-image-1657\" alt=\"\" srcset=\"https:\/\/tangen.cz\/wp-content\/uploads\/2022\/09\/tangen_default8-1024x680.jpg 1024w, https:\/\/tangen.cz\/wp-content\/uploads\/2022\/09\/tangen_default8-300x199.jpg 300w, https:\/\/tangen.cz\/wp-content\/uploads\/2022\/09\/tangen_default8-768x510.jpg 768w, https:\/\/tangen.cz\/wp-content\/uploads\/2022\/09\/tangen_default8.jpg 1072w\" sizes=\"(max-width: 800px) 100vw, 800px\">\t\t\t\t\t\t\t\t\t\t\t\t\t\t\t<\/div>\n\t\t\t\t<\/div>\n\t\t\t\t<\/div>\n\t\t\t\t\t<\/div>\n\t\t\t\t<\/div>\n\t\t\t\t<\/div>","protected":false},"excerpt":{"rendered":"<p>Obchody a \u010derpac\u00ed stanice Investujte do energi\u00ed z obnoviteln\u00fdch zdroj\u016f a poskytn\u011bte va\u0161\u00edm z\u00e1kazn\u00edk\u016fm nejvy\u0161\u0161\u00ed komfort. Postupn\u011b zv\u00fd\u0161\u00edte svoji konkurenceschopnost a rentabilitu va\u0161eho podnik\u00e1n\u00ed a z\u00e1rove\u0148 tak pom\u016f\u017eete \u017eivotn\u00edmu prost\u0159ed\u00ed. V\u011bt\u0161\u00ed komfort va\u0161im z\u00e1kazn\u00edk\u016fm Sni\u017ete n\u00e1klady za elekt\u0159inu Vyu\u017eijte 1 500 pr\u016fm\u011brn\u00fdch slune\u010dn\u00fdch hodin ro\u010dn\u011b a uspo\u0159te t\u00edm 50\u201375 % n\u00e1klad\u016f p\u0159i optimalizaci hlavn\u00ed spot\u0159eby [&hellip;]<\/p>","protected":false},"author":3,"featured_media":0,"parent":0,"menu_order":0,"comment_status":"closed","ping_status":"closed","template":"","meta":{"footnotes":""},"class_list":["post-1607","page","type-page","status-publish","hentry"],"_links":{"self":[{"href":"https:\/\/tangen.cz\/en\/wp-json\/wp\/v2\/pages\/1607","targetHints":{"allow":["GET"]}}],"collection":[{"href":"https:\/\/tangen.cz\/en\/wp-json\/wp\/v2\/pages"}],"about":[{"href":"https:\/\/tangen.cz\/en\/wp-json\/wp\/v2\/types\/page"}],"author":[{"embeddable":true,"href":"https:\/\/tangen.cz\/en\/wp-json\/wp\/v2\/users\/3"}],"replies":[{"embeddable":true,"href":"https:\/\/tangen.cz\/en\/wp-json\/wp\/v2\/comments?post=1607"}],"version-history":[{"count":2,"href":"https:\/\/tangen.cz\/en\/wp-json\/wp\/v2\/pages\/1607\/revisions"}],"predecessor-version":[{"id":3064,"href":"https:\/\/tangen.cz\/en\/wp-json\/wp\/v2\/pages\/1607\/revisions\/3064"}],"wp:attachment":[{"href":"https:\/\/tangen.cz\/en\/wp-json\/wp\/v2\/media?parent=1607"}],"curies":[{"name":"wp","href":"https:\/\/api.w.org\/{rel}","templated":true}]}}